{"id":1913,"date":"2025-12-18T19:23:21","date_gmt":"2025-12-18T19:23:21","guid":{"rendered":"https:\/\/leokar.com.br\/loja\/?post_type=product&#038;p=1913"},"modified":"2026-04-28T12:12:01","modified_gmt":"2026-04-28T12:12:01","slug":"jeep-compass-2-0-limited-flex-2020","status":"publish","type":"product","link":"https:\/\/leokar.com.br\/loja\/produto\/jeep-compass-2-0-limited-flex-2020\/","title":{"rendered":"JEEP- Compass 2.0 Limited Flex 2020"},"content":{"rendered":"<h1 class=\"text-uppercase desktop\">JEEP- COMPASS 2.0 LIMITED FLEX 2020<\/h1>\n<hr \/>\n<h4><strong>Acess\u00f3rios:<\/strong><\/h4>\n<h4>\u2022 Air bags<br \/>\n\u2022 Ar condicionado<br \/>\n\u2022 Dire\u00e7\u00e3o hidr\u00e1ulica<br \/>\n\u2022 Freios abs<br \/>\n\u2022 Retrovisores el\u00e9tricos<br \/>\n\u2022 Rodas de liga leves<br \/>\n\u2022 Trava el\u00e9tricas<br \/>\n\u2022 Vidros el\u00e9tricos<br \/>\n\u2022 Banco motorista com regulagem de altura<br \/>\n\u2022 Bancos em Couro<br \/>\n\u2022 Cd player original<br \/>\n\u2022 Computador de bordo<br \/>\n\u2022 Controle de som no volante<br \/>\n\u2022 C\u00e2mera de r\u00e9<br \/>\n\u2022 Desemba\u00e7ador traseiro<br \/>\n\u2022 Encosto de cabe\u00e7a traseiro<br \/>\n\u2022 Estepe sem uso<br \/>\n\u2022 Farol de milha<br \/>\n\u2022 Farol de neblina<\/h4>\n<h4>\u2022 Limpador traseiro<br \/>\n\u2022 Multim\u00eddia<br \/>\n\u2022 Parachoque na cor do ve\u00edculo<br \/>\n\u2022 Porta malas el\u00e9trico<br \/>\n\u2022 Sensor de estacionamento<br \/>\n\u2022 C\u00e2mera de R\u00e9<br \/>\n\u2022 Volante com regulagem de altura<\/h4>\n<hr \/>\n<h4><strong>Descri\u00e7\u00e3o:<\/strong><\/h4>\n<h4>PARCELAMOS A ENTRADA EM AT\u00c9 18 VEZES NO CART\u00c3O!<\/h4>\n<h4><strong>CONTATOS:<\/strong><\/h4>\n<h4><strong>Endere\u00e7o:<\/strong> <a href=\"https:\/\/maps.app.goo.gl\/vDJHi8pYvgBqmYZY6\" target=\"_blank\" rel=\"noopener\">Rua Iacanga, 514 &#8211; Vila Mollon &#8211; Americana &#8211; SP | Veja o Mapa<\/a><br \/>\n<strong>WhatsApp:<\/strong> <a href=\"https:\/\/api.whatsapp.com\/send?1=pt_BR&amp;phone=5519974129201\">(19) 97412-9201<\/a><br \/>\n<strong>Telefone Fixo:<\/strong> <a href=\"tel:+551934084050\">(19) 3408-4050<\/a><br \/>\n<strong>E-mail:<\/strong> <a href=\"mailto:leokar@leokar.com.br\">leokar@leokar.com.br<\/a><br \/>\n<strong>Site:<\/strong> <a href=\"https:\/\/www.leokar.com.br\/\">www.leokar.com.br<\/a><br \/>\n<strong>Instagram:<\/strong> <a href=\"https:\/\/www.instagram.com\/leokarautomoveis\/\" target=\"_blank\" rel=\"noopener\">www.instagram.com\/leokarautomoveis\/<\/a><br \/>\n<strong>Facebook:<\/strong> <a href=\"https:\/\/www.facebook.com\/LeokarAutomoveis\/\" target=\"_blank\" rel=\"noopener\">www.facebook.com\/LeokarAutomoveis\/<\/a><\/h4>\n<h4>&#8212;<\/h4>\n<h4>Leokar Multimarcas &#8211; no mercado automotivo h\u00e1 mais de 25 ANOS!<\/h4>\n<h4>&#8212;<\/h4>\n<h5>Reservamos o direito de corrigir erros de digita\u00e7\u00e3o, descri\u00e7\u00f5es, especifica\u00e7\u00f5es, nomes e pre\u00e7os dos produtos sem aviso pr\u00e9vio!<\/h5>\n","protected":false},"excerpt":{"rendered":"<h3><strong>Ano:<\/strong> 2020<br \/>\n<strong>Modelo:<\/strong> Limited<br \/>\n<strong>Motor:<\/strong> 2.0<br \/>\n<strong>Combust\u00edvel:<\/strong> Flex<br \/>\n<strong>C\u00e2mbio:<\/strong> Autom\u00e1tico<br \/>\n<strong>Cor:<\/strong> Cinza<br \/>\n<strong>Km:<\/strong> 70.000<br \/>\n<strong>Valor:<\/strong> R$107.890,00<\/h3>\n","protected":false},"featured_media":1914,"template":"","meta":[],"product_brand":[],"product_cat":[23],"product_tag":[193],"class_list":{"0":"post-1913","1":"product","2":"type-product","3":"status-publish","4":"has-post-thumbnail","6":"product_cat-jeep","7":"product_tag-jeep-compass-2-0-limited-flex-2020","9":"first","10":"instock","11":"shipping-taxable","12":"purchasable","13":"product-type-simple"},"_links":{"self":[{"href":"https:\/\/leokar.com.br\/loja\/wp-json\/wp\/v2\/product\/1913","targetHints":{"allow":["GET"]}}],"collection":[{"href":"https:\/\/leokar.com.br\/loja\/wp-json\/wp\/v2\/product"}],"about":[{"href":"https:\/\/leokar.com.br\/loja\/wp-json\/wp\/v2\/types\/product"}],"wp:featuredmedia":[{"embeddable":true,"href":"https:\/\/leokar.com.br\/loja\/wp-json\/wp\/v2\/media\/1914"}],"wp:attachment":[{"href":"https:\/\/leokar.com.br\/loja\/wp-json\/wp\/v2\/media?parent=1913"}],"wp:term":[{"taxonomy":"product_brand","embeddable":true,"href":"https:\/\/leokar.com.br\/loja\/wp-json\/wp\/v2\/product_brand?post=1913"},{"taxonomy":"product_cat","embeddable":true,"href":"https:\/\/leokar.com.br\/loja\/wp-json\/wp\/v2\/product_cat?post=1913"},{"taxonomy":"product_tag","embeddable":true,"href":"https:\/\/leokar.com.br\/loja\/wp-json\/wp\/v2\/product_tag?post=1913"}],"curies":[{"name":"wp","href":"https:\/\/api.w.org\/{rel}","templated":true}]}}